{"id":187,"date":"2022-11-01T15:06:02","date_gmt":"2022-11-01T15:06:02","guid":{"rendered":"https:\/\/re-mate.net\/?page_id=187"},"modified":"2023-07-04T12:48:20","modified_gmt":"2023-07-04T12:48:20","slug":"about-remate","status":"publish","type":"page","link":"https:\/\/re-mate.net\/de\/about-remate\/","title":{"rendered":"\u00dcber RE:mate"},"content":{"rendered":"<p><strong>RE:mate <\/strong>is dedicated to contributing to the structural change into a material hub with the use of circular economy by elongating material and elements&#8217; lifespan with community effort of recovering and recycling building components.<\/p>\n\n\n\n<p>Durch <strong>RE:mate<\/strong>kann die Gesellschaft alte Baumaterialien\/Elemente nutzen, die zirkul\u00e4r, nachhaltig und sinnvoll sind. Es kann von zukunftsorientierten Architekten, Stadtplanern, Fachleuten, Bauunternehmen und Herstellern entlang der Kreislaufwirtschaft genutzt werden, um diese Elemente zu entwerfen und zu verbessern und so zu einem nachhaltigeren Geb\u00e4ude\u00f6kosystem beizutragen.<\/p>\n\n\n\n<p>Die Organisation unterst\u00fctzt den Strukturwandel hin zu einer wirtschaftlichen Sichtweise durch die Zusammenarbeit mit verschiedenen Partnern wie lokalen Instituten, Unternehmen, Regierungen, gemeinn\u00fctzigen Organisationen und anderen Interessengruppen. Dies kann durch die Einbringung verschiedener technischer und wirtschaftlicher L\u00f6sungen und Erfahrungen durch verschiedene Parteien geschehen.<\/p>\n\n\n\n<p><\/p>\n\n\n\n<p class=\"has-large-font-size\"><strong>Vision<\/strong><\/p>\n\n\n\n<p>Ein Geb\u00e4ude-\u00d6kosystem, in dem sinnvolle und nachhaltige Materialien und Elemente in einem Kreislaufverfahren entworfen und montiert werden, das das Wohlbefinden der Menschen und des Planeten steigert.<\/p>\n\n\n\n<p><\/p>\n\n\n\n<p class=\"has-large-font-size\"><strong>Mission<\/strong><\/p>\n\n\n\n<p>Als Hauptdrehscheibe f\u00fcr die Materialbibliothek in Deutschland zu etablieren, um die Lebensdauer von Materialien zu verl\u00e4ngern und die Wiederverwendung und das Recycling von Bauteilen zu f\u00f6rdern.<\/p>","protected":false},"excerpt":{"rendered":"<p>RE:mate is dedicated to contributing to the structural change into a material hub with the use of circular economy by elongating material and elements&#8217; lifespan with community effort of recovering and recycling building components. Through RE:mate, society can utilise old building materials\/elements that are circular, sustainable and more sensible. It can be used by future-oriented [&hellip;]<\/p>\n","protected":false},"author":1,"featured_media":0,"parent":0,"menu_order":0,"comment_status":"closed","ping_status":"closed","template":"","meta":{"footnotes":""},"class_list":["post-187","page","type-page","status-publish","hentry"],"_links":{"self":[{"href":"https:\/\/re-mate.net\/de\/wp-json\/wp\/v2\/pages\/187","targetHints":{"allow":["GET"]}}],"collection":[{"href":"https:\/\/re-mate.net\/de\/wp-json\/wp\/v2\/pages"}],"about":[{"href":"https:\/\/re-mate.net\/de\/wp-json\/wp\/v2\/types\/page"}],"author":[{"embeddable":true,"href":"https:\/\/re-mate.net\/de\/wp-json\/wp\/v2\/users\/1"}],"replies":[{"embeddable":true,"href":"https:\/\/re-mate.net\/de\/wp-json\/wp\/v2\/comments?post=187"}],"version-history":[{"count":2,"href":"https:\/\/re-mate.net\/de\/wp-json\/wp\/v2\/pages\/187\/revisions"}],"predecessor-version":[{"id":314,"href":"https:\/\/re-mate.net\/de\/wp-json\/wp\/v2\/pages\/187\/revisions\/314"}],"wp:attachment":[{"href":"https:\/\/re-mate.net\/de\/wp-json\/wp\/v2\/media?parent=187"}],"curies":[{"name":"wp","href":"https:\/\/api.w.org\/{rel}","templated":true}]}}