{"id":212,"date":"2022-11-01T16:27:27","date_gmt":"2022-11-01T16:27:27","guid":{"rendered":"https:\/\/re-mate.net\/?page_id=212"},"modified":"2022-11-01T16:27:27","modified_gmt":"2022-11-01T16:27:27","slug":"how-we-work","status":"publish","type":"page","link":"https:\/\/re-mate.net\/de\/how-we-work\/","title":{"rendered":"Wie Wir Arbeiten"},"content":{"rendered":"<p>Die Welt, in der wir in Zukunft leben werden, wird davon gepr\u00e4gt, wie wir heute Produkte entwerfen und zusammensetzen.<\/p>\n\n\n\n<p><strong>RE:mate certified<\/strong> ist ein Standard f\u00fcr recycelte\/wiederverwendbare Produkte, die zirkul\u00e4r, nachhaltig und f\u00fcr neue Zwecke sinnvoll sind.<\/p>\n\n\n\n<p>Nutzer, Unternehmen und Partner k\u00f6nnen sich auf den<strong> RE:mate<\/strong> verlassen, um die Qualit\u00e4t der Materialien und Elemente zu \u00fcberpr\u00fcfen. Wir bewerten den Zustand des Materials anhand der vier Kategorien<\/p>\n\n\n\n<p><strong>Kreislaufwirtschaft\u2028<br><\/strong>&nbsp;Eine Kreislaufwirtschaft durch regenerative Produkte und Prozessgestaltung<\/p>\n\n\n\n<p><strong>Nachhaltigkeit \u2028<\/strong><br>&nbsp;Sicherstellung des Nachhaltigkeitswertes der Produkte durch Bewertung der Kohlenstoffemissionen<\/p>\n\n\n\n<p><strong>Sensibilit\u00e4t \u2028<br><\/strong>&nbsp;Sicherstellung der Sicherheit von Materialien f\u00fcr Mensch und Umwelt<\/p>\n\n\n\n<p><strong>Lebensdauer \u2028<\/strong><br>Kategorisierung und Einstufung von Materialien auf der Grundlage ihrer Lebensdauer, um eine sinnvollere Nutzung zu erm\u00f6glichen<\/p>","protected":false},"excerpt":{"rendered":"<p>The world we live in, in the future is shaped by how we design and assemble products today. RE:mate certified is a standard for recycled\/reusable products that are circular, sustainable and sensible for new purposes. Users, businesses and partners can rely on the RE:mate standard to verify the quality of the materials and elements. We [&hellip;]<\/p>\n","protected":false},"author":1,"featured_media":0,"parent":0,"menu_order":0,"comment_status":"closed","ping_status":"closed","template":"","meta":{"footnotes":""},"class_list":["post-212","page","type-page","status-publish","hentry"],"_links":{"self":[{"href":"https:\/\/re-mate.net\/de\/wp-json\/wp\/v2\/pages\/212","targetHints":{"allow":["GET"]}}],"collection":[{"href":"https:\/\/re-mate.net\/de\/wp-json\/wp\/v2\/pages"}],"about":[{"href":"https:\/\/re-mate.net\/de\/wp-json\/wp\/v2\/types\/page"}],"author":[{"embeddable":true,"href":"https:\/\/re-mate.net\/de\/wp-json\/wp\/v2\/users\/1"}],"replies":[{"embeddable":true,"href":"https:\/\/re-mate.net\/de\/wp-json\/wp\/v2\/comments?post=212"}],"version-history":[{"count":1,"href":"https:\/\/re-mate.net\/de\/wp-json\/wp\/v2\/pages\/212\/revisions"}],"predecessor-version":[{"id":213,"href":"https:\/\/re-mate.net\/de\/wp-json\/wp\/v2\/pages\/212\/revisions\/213"}],"wp:attachment":[{"href":"https:\/\/re-mate.net\/de\/wp-json\/wp\/v2\/media?parent=212"}],"curies":[{"name":"wp","href":"https:\/\/api.w.org\/{rel}","templated":true}]}}