{"id":297,"date":"2022-11-03T10:11:48","date_gmt":"2022-11-03T10:11:48","guid":{"rendered":"https:\/\/re-mate.net\/?page_id=297"},"modified":"2023-07-04T12:53:45","modified_gmt":"2023-07-04T12:53:45","slug":"contributing-to-second-life","status":"publish","type":"page","link":"https:\/\/re-mate.net\/de\/contributing-to-second-life\/","title":{"rendered":"Beitrag zu Second Life"},"content":{"rendered":"<div class=\"wp-block-group alignwide is-layout-constrained wp-block-group-is-layout-constrained\">\n<p>Am Prozess von RE:mate sind mehrere Kategorien von Akteuren und Nutzern beteiligt. Bauabf\u00e4lle wie Fenster, T\u00fcren, Mauerwerk, Beton, Holz, Metall, Glas und Bauschutt wie Asphalt, Schutt, Fliesen usw. werden an Re:mate geschickt und von Fachleuten und Einheimischen sortiert. Von den Sortieranlagen aus werden die Elemente dann in die Forschung und Entwicklung (FuE) oder in den Reinigungs- und Verwertungsprozess geschickt. Auf diese Weise werden die Qualit\u00e4t und die gesch\u00e4tzte Lebensdauer des Produkts sichergestellt und ein zweites Leben des Materials gew\u00e4hrleistet. Die gereinigten Elemente und das Produkt aus der Forschung und Entwicklung werden dann als neues Produkt in das Zwischenlager geschickt und sind bereit f\u00fcr die erneute Verwendung auf dem Markt.<\/p>\n\n\n\n<p>In diesem Prozess fungiert die Plattform als Verbindungspunkt zwischen der Gemeinschaft, den Fachleuten und den Bauelementen. RE:mate tr\u00e4gt zu diesem Prozess bei, indem es den Betrieb neu definiert, wenn es darum geht, das Ergebnis des zweiten Lebens von Bauelementen zu produzieren.<\/p>\n\n\n\n<figure class=\"wp-block-image aligncenter size-large\"><img loading=\"lazy\" decoding=\"async\" width=\"1024\" height=\"522\" src=\"https:\/\/re-mate.net\/wp-content\/uploads\/2023\/07\/RE_mate-1024x522.jpg\" alt=\"\" class=\"wp-image-316\" srcset=\"https:\/\/re-mate.net\/wp-content\/uploads\/2023\/07\/RE_mate-1024x522.jpg 1024w, https:\/\/re-mate.net\/wp-content\/uploads\/2023\/07\/RE_mate-300x153.jpg 300w, https:\/\/re-mate.net\/wp-content\/uploads\/2023\/07\/RE_mate-768x391.jpg 768w, https:\/\/re-mate.net\/wp-content\/uploads\/2023\/07\/RE_mate-1536x782.jpg 1536w, https:\/\/re-mate.net\/wp-content\/uploads\/2023\/07\/RE_mate-2048x1043.jpg 2048w, https:\/\/re-mate.net\/wp-content\/uploads\/2023\/07\/RE_mate-18x9.jpg 18w\" sizes=\"auto, (max-width: 1024px) 100vw, 1024px\" \/><figcaption class=\"wp-element-caption\">Der Prozess von RE:mate<\/figcaption><\/figure>\n\n\n\n<p>Die Gemeinschaft sortiert und gruppiert die Materialien nach ihrer Qualit\u00e4t (Lebensdauer), dem Designstil, der Art der Materialien und der Verwendung f\u00fcr verschiedene Geb\u00e4udetypen sowie nach Quadratmetern, und Fachleute k\u00f6nnen \u00fcber die Plattform nach den gew\u00fcnschten Materialien suchen. Die Sortierung ist vergleichbar mit dem prozentualen Anteil von Kakao in Schokoladentafeln. Die Nutzer k\u00f6nnen den Prozentsatz der Nachhaltigkeit bestimmen, wenn es um die Gestaltung ihres neuen Geb\u00e4udes unter Verwendung von recycelten und wiederverwendeten Materialien geht. Sobald der Auftrag abgewickelt und das Geb\u00e4ude gebaut ist, wird eine Zertifizierungsnote verschiedener Stufen als Zeichen der Anerkennung f\u00fcr den Beitrag zu Umwelt, Nachhaltigkeit und Cradle-to-Cradle vergeben. &nbsp; &nbsp; &nbsp; &nbsp; &nbsp; &nbsp; &nbsp; &nbsp; &nbsp; &nbsp; &nbsp; &nbsp; &nbsp; &nbsp; &nbsp;<\/p>\n\n\n\n<p>Auf diese Weise k\u00f6nnen wir die lokale Gemeinschaft und die Fachleute miteinander verbinden und das Industriegel\u00e4nde wieder in den st\u00e4dtischen Kontext einbinden und gleichzeitig einen Beitrag zum Umweltschutz leisten. Durch die Ansiedlung der Materialdrehscheibe ist der Standort leicht zu erreichen und f\u00fcr alle zug\u00e4nglich. Auf diese Weise wird das Ziel als Hauptdrehscheibe f\u00fcr die Materialbibliothek in Deutschland erreicht, indem die Lebensdauer von Materialien durch gemeinschaftliche Bem\u00fchungen um die Wiederverwendung und das Recycling von Bauteilen verl\u00e4ngert wird.<\/p>\n<\/div>","protected":false},"excerpt":{"rendered":"<p>The process of RE:mate involves multiple categories of stakeholders and users. Construction waste elements such as windows, doors, masonry, concrete, timber, metal, glass and debris such as asphalt, rubble, tile, etc are sent to RE:mate and are to be sorted by specialists and the locals. From the sorting facilities, the elements are then sent for [&hellip;]<\/p>\n","protected":false},"author":1,"featured_media":0,"parent":0,"menu_order":0,"comment_status":"closed","ping_status":"closed","template":"","meta":{"footnotes":""},"class_list":["post-297","page","type-page","status-publish","hentry"],"_links":{"self":[{"href":"https:\/\/re-mate.net\/de\/wp-json\/wp\/v2\/pages\/297","targetHints":{"allow":["GET"]}}],"collection":[{"href":"https:\/\/re-mate.net\/de\/wp-json\/wp\/v2\/pages"}],"about":[{"href":"https:\/\/re-mate.net\/de\/wp-json\/wp\/v2\/types\/page"}],"author":[{"embeddable":true,"href":"https:\/\/re-mate.net\/de\/wp-json\/wp\/v2\/users\/1"}],"replies":[{"embeddable":true,"href":"https:\/\/re-mate.net\/de\/wp-json\/wp\/v2\/comments?post=297"}],"version-history":[{"count":3,"href":"https:\/\/re-mate.net\/de\/wp-json\/wp\/v2\/pages\/297\/revisions"}],"predecessor-version":[{"id":317,"href":"https:\/\/re-mate.net\/de\/wp-json\/wp\/v2\/pages\/297\/revisions\/317"}],"wp:attachment":[{"href":"https:\/\/re-mate.net\/de\/wp-json\/wp\/v2\/media?parent=297"}],"curies":[{"name":"wp","href":"https:\/\/api.w.org\/{rel}","templated":true}]}}